{"id":12,"date":"2023-02-06T10:45:49","date_gmt":"2023-02-06T09:45:49","guid":{"rendered":"https:\/\/lerocherportail.fr\/en\/?page_id=12"},"modified":"2024-09-02T12:05:25","modified_gmt":"2024-09-02T10:05:25","slug":"home","status":"publish","type":"page","link":"https:\/\/lerocherportail.fr\/en\/","title":{"rendered":"HOME"},"content":{"rendered":"<p>[et_pb_section fb_built=\u00a0\u00bb1&Prime; admin_label=\u00a0\u00bbSection new\u00a0\u00bb _builder_version=\u00a0\u00bb4.23.1&Prime; _dynamic_attributes=\u00a0\u00bblink_option_url\u00a0\u00bb _module_preset=\u00a0\u00bbdefault\u00a0\u00bb background_color=\u00a0\u00bbRGBA(0,0,0,0)\u00a0\u00bb background_video_mp4=\u00a0\u00bbhttps:\/\/lerocherportail.fr\/en\/wp-content\/uploads\/2023\/10\/after-movie-rocher-portail-version-courte_dark_27.mp4&Prime; min_height=\u00a0\u00bb1000px\u00a0\u00bb height=\u00a0\u00bb1000px\u00a0\u00bb max_height=\u00a0\u00bb1000px\u00a0\u00bb custom_padding=\u00a0\u00bb0px|||||\u00a0\u00bb link_option_url=\u00a0\u00bb@ET-DC@eyJkeW5hbWljIjp0cnVlLCJjb250ZW50IjoicG9zdF9saW5rX3VybF9wYWdlIiwic2V0dGluZ3MiOnsicG9zdF9pZCI6IjE5NzMifX0=@\u00a0\u00bb global_colors_info=\u00a0\u00bb{}\u00a0\u00bb][et_pb_row _builder_version=\u00a0\u00bb4.16&Prime; _module_preset=\u00a0\u00bbdefault\u00a0\u00bb custom_padding=\u00a0\u00bb0px||0px|||\u00a0\u00bb global_colors_info=\u00a0\u00bb{}\u00a0\u00bb][et_pb_column type=\u00a0\u00bb4_4&Prime; _builder_version=\u00a0\u00bb4.16&Prime; _module_preset=\u00a0\u00bbdefault\u00a0\u00bb global_colors_info=\u00a0\u00bb{}\u00a0\u00bb][et_pb_divider show_divider=\u00a0\u00bboff\u00a0\u00bb _builder_version=\u00a0\u00bb4.16&Prime; _module_preset=\u00a0\u00bbdefault\u00a0\u00bb custom_margin=\u00a0\u00bb||87px|||\u00a0\u00bb custom_padding=\u00a0\u00bb||0px|||\u00a0\u00bb global_colors_info=\u00a0\u00bb{}\u00a0\u00bb][\/et_pb_divider][\/et_pb_column][\/et_pb_row][et_pb_row _builder_version=\u00a0\u00bb4.16&Prime; _module_preset=\u00a0\u00bbdefault\u00a0\u00bb custom_padding=\u00a0\u00bb0px||0px|||\u00a0\u00bb global_colors_info=\u00a0\u00bb{}\u00a0\u00bb][et_pb_column type=\u00a0\u00bb4_4&Prime; _builder_version=\u00a0\u00bb4.16&Prime; _module_preset=\u00a0\u00bbdefault\u00a0\u00bb global_colors_info=\u00a0\u00bb{}\u00a0\u00bb][et_pb_image src=\u00a0\u00bbhttps:\/\/lerocherportail.fr\/en\/wp-content\/uploads\/2023\/02\/orna_white_magicwand.png\u00a0\u00bb title_text=\u00a0\u00bborna_white_magicwand\u00a0\u00bb align=\u00a0\u00bbcenter\u00a0\u00bb admin_label=\u00a0\u00bbImage magic wand\u00a0\u00bb _builder_version=\u00a0\u00bb4.16&Prime; _module_preset=\u00a0\u00bbdefault\u00a0\u00bb global_colors_info=\u00a0\u00bb{}\u00a0\u00bb][\/et_pb_image][\/et_pb_column][\/et_pb_row][et_pb_row _builder_version=\u00a0\u00bb4.16&Prime; _module_preset=\u00a0\u00bbdefault\u00a0\u00bb custom_padding=\u00a0\u00bb0px||0px|||\u00a0\u00bb global_colors_info=\u00a0\u00bb{}\u00a0\u00bb][et_pb_column type=\u00a0\u00bb4_4&Prime; _builder_version=\u00a0\u00bb4.16&Prime; _module_preset=\u00a0\u00bbdefault\u00a0\u00bb global_colors_info=\u00a0\u00bb{}\u00a0\u00bb][et_pb_text _builder_version=\u00a0\u00bb4.23.1&Prime; _module_preset=\u00a0\u00bbdefault\u00a0\u00bb header_font=\u00a0\u00bb|700|||||||\u00a0\u00bb header_text_color=\u00a0\u00bb#FFFFFF\u00a0\u00bb header_line_height=\u00a0\u00bb1.3em\u00a0\u00bb header_2_font=\u00a0\u00bb|700|||||||\u00a0\u00bb header_2_text_color=\u00a0\u00bb#FFFFFF\u00a0\u00bb header_2_text_shadow_style=\u00a0\u00bbpreset3&Prime; global_colors_info=\u00a0\u00bb{}\u00a0\u00bb]<\/p>\n<h1 style=\"text-align: center;\"><span>Come experience the <\/span><\/h1>\n<h1 style=\"text-align: center;\"><span>extraordinary adventure <\/span><\/h1>\n<h1 style=\"text-align: center;\"><span>of an apprentice sorcerer in a real castle.<\/span><\/h1>\n<p><span><\/span><\/p>\n<p><span><\/span><\/p>\n<p style=\"text-align: center;\"><img loading=\"lazy\" decoding=\"async\" src=\"https:\/\/lerocherportail.fr\/en\/wp-content\/uploads\/2023\/10\/Billet_web_BookNow.png\" width=\"367\" height=\"172\" alt=\"\" class=\"wp-image-1764 alignnone size-full\" srcset=\"https:\/\/lerocherportail.fr\/en\/wp-content\/uploads\/2023\/10\/Billet_web_BookNow.png 367w, https:\/\/lerocherportail.fr\/en\/wp-content\/uploads\/2023\/10\/Billet_web_BookNow-300x141.png 300w\" sizes=\"(max-width: 367px) 100vw, 367px\" \/><\/p>\n<p style=\"text-align: center;\">[\/et_pb_text][\/et_pb_column][\/et_pb_row][et_pb_row _builder_version=\u00a0\u00bb4.16&Prime; _module_preset=\u00a0\u00bbdefault\u00a0\u00bb custom_padding=\u00a0\u00bb0px|||||\u00a0\u00bb global_colors_info=\u00a0\u00bb{}\u00a0\u00bb][et_pb_column type=\u00a0\u00bb4_4&Prime; _builder_version=\u00a0\u00bb4.16&Prime; _module_preset=\u00a0\u00bbdefault\u00a0\u00bb global_colors_info=\u00a0\u00bb{}\u00a0\u00bb][et_pb_image src=\u00a0\u00bbhttps:\/\/lerocherportail.fr\/en\/wp-content\/uploads\/2023\/10\/Icons_Home_en.png\u00a0\u00bb title_text=\u00a0\u00bbIcons_Home_en\u00a0\u00bb align=\u00a0\u00bbcenter\u00a0\u00bb admin_label=\u00a0\u00bbImage 2&Prime; _builder_version=\u00a0\u00bb4.22.2&Prime; _module_preset=\u00a0\u00bbdefault\u00a0\u00bb global_colors_info=\u00a0\u00bb{}\u00a0\u00bb][\/et_pb_image][\/et_pb_column][\/et_pb_row][et_pb_row _builder_version=\u00a0\u00bb4.16&Prime; _module_preset=\u00a0\u00bbdefault\u00a0\u00bb global_colors_info=\u00a0\u00bb{}\u00a0\u00bb][et_pb_column type=\u00a0\u00bb4_4&Prime; _builder_version=\u00a0\u00bb4.16&Prime; _module_preset=\u00a0\u00bbdefault\u00a0\u00bb global_colors_info=\u00a0\u00bb{}\u00a0\u00bb][et_pb_image src=\u00a0\u00bbhttps:\/\/lerocherportail.fr\/en\/wp-content\/uploads\/2023\/02\/ornament_white_02.png\u00a0\u00bb title_text=\u00a0\u00bbornament_white_02&Prime; align=\u00a0\u00bbcenter\u00a0\u00bb admin_label=\u00a0\u00bbImage 3&Prime; _builder_version=\u00a0\u00bb4.16&Prime; _module_preset=\u00a0\u00bbdefault\u00a0\u00bb global_colors_info=\u00a0\u00bb{}\u00a0\u00bb][\/et_pb_image][\/et_pb_column][\/et_pb_row][\/et_pb_section][et_pb_section fb_built=\u00a0\u00bb1&Prime; _builder_version=\u00a0\u00bb4.16&Prime; _module_preset=\u00a0\u00bbdefault\u00a0\u00bb background_color=\u00a0\u00bb#000000&Prime; custom_padding=\u00a0\u00bb26px||52px|||\u00a0\u00bb global_colors_info=\u00a0\u00bb{}\u00a0\u00bb][et_pb_row _builder_version=\u00a0\u00bb4.16&Prime; _module_preset=\u00a0\u00bbdefault\u00a0\u00bb custom_padding=\u00a0\u00bb19px||0px|||\u00a0\u00bb global_colors_info=\u00a0\u00bb{}\u00a0\u00bb][et_pb_column type=\u00a0\u00bb4_4&Prime; _builder_version=\u00a0\u00bb4.16&Prime; _module_preset=\u00a0\u00bbdefault\u00a0\u00bb global_colors_info=\u00a0\u00bb{}\u00a0\u00bb][et_pb_text _builder_version=\u00a0\u00bb4.23.1&Prime; _module_preset=\u00a0\u00bbdefault\u00a0\u00bb header_text_color=\u00a0\u00bb#FFFFFF\u00a0\u00bb header_font_size=\u00a0\u00bb38px\u00a0\u00bb header_5_text_color=\u00a0\u00bb#FFFFFF\u00a0\u00bb global_colors_info=\u00a0\u00bb{}\u00a0\u00bb]<\/p>\n<h1 style=\"text-align: center;\">THE EVENTS<\/h1>\n<h5 style=\"text-align: center;\"><span>Outside of these opening dates, the castle is closed to the public.<\/span><\/h5>\n<p>[\/et_pb_text][\/et_pb_column][\/et_pb_row][et_pb_row column_structure=\u00a0\u00bb1_2,1_2&Prime; _builder_version=\u00a0\u00bb4.23.4&Prime; _module_preset=\u00a0\u00bbdefault\u00a0\u00bb custom_padding=\u00a0\u00bb||0px|||\u00a0\u00bb saved_tabs=\u00a0\u00bball\u00a0\u00bb global_colors_info=\u00a0\u00bb{}\u00a0\u00bb][et_pb_column type=\u00a0\u00bb1_2&Prime; _builder_version=\u00a0\u00bb4.22.2&Prime; _module_preset=\u00a0\u00bbdefault\u00a0\u00bb global_colors_info=\u00a0\u00bb{}\u00a0\u00bb][et_pb_image src=\u00a0\u00bbhttps:\/\/lerocherportail.fr\/en\/wp-content\/uploads\/2023\/02\/Crypte-Square-670.jpg\u00a0\u00bb title_text=\u00a0\u00bbCrypte Square 670&Prime; align=\u00a0\u00bbcenter\u00a0\u00bb admin_label=\u00a0\u00bbSPRING\u00a0\u00bb _builder_version=\u00a0\u00bb4.27.0&Prime; _module_preset=\u00a0\u00bbdefault\u00a0\u00bb custom_margin=\u00a0\u00bb||13px||false|false\u00a0\u00bb hover_enabled=\u00a0\u00bb0&Prime; border_width_all=\u00a0\u00bb6px\u00a0\u00bb border_color_all=\u00a0\u00bb#D1A445&Prime; border_style_all=\u00a0\u00bbdouble\u00a0\u00bb box_shadow_style=\u00a0\u00bbpreset1&Prime; global_colors_info=\u00a0\u00bb{}\u00a0\u00bb sticky_enabled=\u00a0\u00bb0&Prime;][\/et_pb_image][et_pb_text disabled_on=\u00a0\u00bbon|on|on\u00a0\u00bb admin_label=\u00a0\u00bbSPRING TEXT\u00a0\u00bb _builder_version=\u00a0\u00bb4.23.4&Prime; _module_preset=\u00a0\u00bbdefault\u00a0\u00bb text_text_color=\u00a0\u00bb#381442&Prime; background_color=\u00a0\u00bb#FAD071&Prime; custom_margin=\u00a0\u00bb||||false|false\u00a0\u00bb custom_padding=\u00a0\u00bb6px||6px||false|false\u00a0\u00bb box_shadow_style=\u00a0\u00bbpreset1&Prime; disabled=\u00a0\u00bbon\u00a0\u00bb global_colors_info=\u00a0\u00bb{}\u00a0\u00bb]<\/p>\n<p style=\"text-align: center;\"><strong>Billetterie en ligne \u00e0 partir du 15 mars \u00e0 18 heures<\/strong><\/p>\n<p>[\/et_pb_text][\/et_pb_column][et_pb_column type=\u00a0\u00bb1_2&Prime; _builder_version=\u00a0\u00bb4.22.2&Prime; _module_preset=\u00a0\u00bbdefault\u00a0\u00bb global_colors_info=\u00a0\u00bb{}\u00a0\u00bb][et_pb_image src=\u00a0\u00bbhttps:\/\/lerocherportail.fr\/en\/wp-content\/uploads\/2023\/02\/EVENTS-Square-670-ete.jpg\u00a0\u00bb title_text=\u00a0\u00bbEVENTS Square 670 ete\u00a0\u00bb align=\u00a0\u00bbcenter\u00a0\u00bb admin_label=\u00a0\u00bbSUMMER\u00a0\u00bb _builder_version=\u00a0\u00bb4.27.0&Prime; _module_preset=\u00a0\u00bbdefault\u00a0\u00bb custom_margin=\u00a0\u00bb||13px||false|false\u00a0\u00bb hover_enabled=\u00a0\u00bb0&Prime; border_width_all=\u00a0\u00bb6px\u00a0\u00bb border_color_all=\u00a0\u00bb#D1A445&Prime; border_style_all=\u00a0\u00bbdouble\u00a0\u00bb box_shadow_style=\u00a0\u00bbpreset1&Prime; global_colors_info=\u00a0\u00bb{}\u00a0\u00bb sticky_enabled=\u00a0\u00bb0&Prime;][\/et_pb_image][et_pb_text disabled_on=\u00a0\u00bbon|on|on\u00a0\u00bb admin_label=\u00a0\u00bbSUMMER TEXT\u00a0\u00bb _builder_version=\u00a0\u00bb4.23.4&Prime; _module_preset=\u00a0\u00bbdefault\u00a0\u00bb text_text_color=\u00a0\u00bb#381442&Prime; background_color=\u00a0\u00bb#FAD071&Prime; custom_margin=\u00a0\u00bb||||false|false\u00a0\u00bb custom_padding=\u00a0\u00bb6px||6px||false|false\u00a0\u00bb box_shadow_style=\u00a0\u00bbpreset1&Prime; disabled=\u00a0\u00bbon\u00a0\u00bb global_colors_info=\u00a0\u00bb{}\u00a0\u00bb]<\/p>\n<p style=\"text-align: center;\"><strong>Billetterie en ligne \u00e0 partir du 20 juin<\/strong><\/p>\n<p>[\/et_pb_text][\/et_pb_column][\/et_pb_row][et_pb_row column_structure=\u00a0\u00bb1_2,1_2&Prime; _builder_version=\u00a0\u00bb4.22.2&Prime; _module_preset=\u00a0\u00bbdefault\u00a0\u00bb saved_tabs=\u00a0\u00bball\u00a0\u00bb global_colors_info=\u00a0\u00bb{}\u00a0\u00bb][et_pb_column type=\u00a0\u00bb1_2&Prime; _builder_version=\u00a0\u00bb4.22.2&Prime; _module_preset=\u00a0\u00bbdefault\u00a0\u00bb global_colors_info=\u00a0\u00bb{}\u00a0\u00bb][et_pb_image src=\u00a0\u00bbhttps:\/\/lerocherportail.fr\/en\/wp-content\/uploads\/2023\/02\/Square_affiches_670_03_Crypte2024.jpg\u00a0\u00bb title_text=\u00a0\u00bbSquare_affiches_670_03_Crypte2024&Prime; url=\u00a0\u00bb@ET-DC@eyJkeW5hbWljIjp0cnVlLCJjb250ZW50IjoicG9zdF9saW5rX3VybF9wYWdlIiwic2V0dGluZ3MiOnsicG9zdF9pZCI6IjIxOTMifX0=@\u00a0\u00bb align=\u00a0\u00bbcenter\u00a0\u00bb admin_label=\u00a0\u00bbAUTUMN\u00a0\u00bb _builder_version=\u00a0\u00bb4.23.4&Prime; _dynamic_attributes=\u00a0\u00bburl\u00a0\u00bb _module_preset=\u00a0\u00bbdefault\u00a0\u00bb custom_margin=\u00a0\u00bb||13px||false|false\u00a0\u00bb border_width_all=\u00a0\u00bb6px\u00a0\u00bb border_color_all=\u00a0\u00bb#D1A445&Prime; border_style_all=\u00a0\u00bbdouble\u00a0\u00bb box_shadow_style=\u00a0\u00bbpreset1&Prime; global_colors_info=\u00a0\u00bb{}\u00a0\u00bb][\/et_pb_image][et_pb_text disabled_on=\u00a0\u00bbon|on|on\u00a0\u00bb admin_label=\u00a0\u00bbAUTUMN TEXT\u00a0\u00bb _builder_version=\u00a0\u00bb4.23.4&Prime; _module_preset=\u00a0\u00bbdefault\u00a0\u00bb text_text_color=\u00a0\u00bb#381442&Prime; background_color=\u00a0\u00bb#FAD071&Prime; custom_margin=\u00a0\u00bb||||false|false\u00a0\u00bb custom_padding=\u00a0\u00bb6px||6px||false|false\u00a0\u00bb box_shadow_style=\u00a0\u00bbpreset1&Prime; disabled=\u00a0\u00bbon\u00a0\u00bb global_colors_info=\u00a0\u00bb{}\u00a0\u00bb]<\/p>\n<p style=\"text-align: center;\"><strong>Billetterie en ligne \u00e0 partir du 22 septembre<\/strong><\/p>\n<p>[\/et_pb_text][\/et_pb_column][et_pb_column type=\u00a0\u00bb1_2&Prime; _builder_version=\u00a0\u00bb4.22.2&Prime; _module_preset=\u00a0\u00bbdefault\u00a0\u00bb global_colors_info=\u00a0\u00bb{}\u00a0\u00bb][et_pb_image src=\u00a0\u00bbhttps:\/\/lerocherportail.fr\/en\/wp-content\/uploads\/2023\/02\/EVENTS-Noel-Square-670.jpg\u00a0\u00bb title_text=\u00a0\u00bbEVENTS Noel Square 670&Prime; url=\u00a0\u00bb@ET-DC@eyJkeW5hbWljIjp0cnVlLCJjb250ZW50IjoicG9zdF9saW5rX3VybF9wYWdlIiwic2V0dGluZ3MiOnsicG9zdF9pZCI6IjIxOTcifX0=@\u00a0\u00bb align=\u00a0\u00bbcenter\u00a0\u00bb admin_label=\u00a0\u00bbWINTER\u00a0\u00bb _builder_version=\u00a0\u00bb4.23.4&Prime; _dynamic_attributes=\u00a0\u00bburl\u00a0\u00bb _module_preset=\u00a0\u00bbdefault\u00a0\u00bb custom_margin=\u00a0\u00bb||13px||false|false\u00a0\u00bb border_width_all=\u00a0\u00bb6px\u00a0\u00bb border_color_all=\u00a0\u00bb#D1A445&Prime; border_style_all=\u00a0\u00bbdouble\u00a0\u00bb box_shadow_style=\u00a0\u00bbpreset1&Prime; global_colors_info=\u00a0\u00bb{}\u00a0\u00bb][\/et_pb_image][et_pb_text disabled_on=\u00a0\u00bbon|on|on\u00a0\u00bb admin_label=\u00a0\u00bbWINTER TEXT\u00a0\u00bb _builder_version=\u00a0\u00bb4.23.4&Prime; _module_preset=\u00a0\u00bbdefault\u00a0\u00bb text_text_color=\u00a0\u00bb#381442&Prime; background_color=\u00a0\u00bb#FAD071&Prime; custom_margin=\u00a0\u00bb||||false|false\u00a0\u00bb custom_padding=\u00a0\u00bb6px||6px||false|false\u00a0\u00bb box_shadow_style=\u00a0\u00bbpreset1&Prime; disabled=\u00a0\u00bbon\u00a0\u00bb global_colors_info=\u00a0\u00bb{}\u00a0\u00bb]<\/p>\n<p style=\"text-align: center;\"><strong>Billetterie en ligne \u00e0 partir du 5 novembre<\/strong><\/p>\n<p>[\/et_pb_text][\/et_pb_column][\/et_pb_row][et_pb_row _builder_version=\u00a0\u00bb4.23.1&Prime; _module_preset=\u00a0\u00bbdefault\u00a0\u00bb global_colors_info=\u00a0\u00bb{}\u00a0\u00bb][et_pb_column type=\u00a0\u00bb4_4&Prime; _builder_version=\u00a0\u00bb4.23.1&Prime; _module_preset=\u00a0\u00bbdefault\u00a0\u00bb global_colors_info=\u00a0\u00bb{}\u00a0\u00bb][et_pb_cta button_text=\u00a0\u00bbClics\u00a0\u00bb _builder_version=\u00a0\u00bb4.23.1&Prime; _module_preset=\u00a0\u00bbdefault\u00a0\u00bb header_level=\u00a0\u00bbh1&Prime; header_text_color=\u00a0\u00bb#000000&Prime; header_font_size=\u00a0\u00bb36px\u00a0\u00bb body_text_color=\u00a0\u00bb#fad071&Prime; body_font_size=\u00a0\u00bb23px\u00a0\u00bb background_color=\u00a0\u00bbRGBA(255,255,255,0)\u00a0\u00bb custom_padding=\u00a0\u00bb8px||0px|||\u00a0\u00bb border_width_all=\u00a0\u00bb3px\u00a0\u00bb border_color_all=\u00a0\u00bb#fad071&Prime; global_colors_info=\u00a0\u00bb{}\u00a0\u00bb]<\/p>\n<p>The tour is in French, but we hope to offer tours in English in the coming years.<\/p>\n<p>[\/et_pb_cta][et_pb_image src=\u00a0\u00bbhttps:\/\/lerocherportail.fr\/en\/wp-content\/uploads\/2024\/08\/carte1080.jpg\u00a0\u00bb title_text=\u00a0\u00bbcarte1080&Prime; _builder_version=\u00a0\u00bb4.23.1&Prime; _module_preset=\u00a0\u00bbdefault\u00a0\u00bb global_colors_info=\u00a0\u00bb{}\u00a0\u00bb][\/et_pb_image][\/et_pb_column][\/et_pb_row][et_pb_row _builder_version=\u00a0\u00bb4.23.4&Prime; _module_preset=\u00a0\u00bbdefault\u00a0\u00bb global_colors_info=\u00a0\u00bb{}\u00a0\u00bb][et_pb_column type=\u00a0\u00bb4_4&Prime; _builder_version=\u00a0\u00bb4.23.4&Prime; _module_preset=\u00a0\u00bbdefault\u00a0\u00bb global_colors_info=\u00a0\u00bb{}\u00a0\u00bb][et_pb_cta title=\u00a0\u00bbNew for 2024&Prime; button_text=\u00a0\u00bbClics\u00a0\u00bb _builder_version=\u00a0\u00bb4.23.1&Prime; _module_preset=\u00a0\u00bbdefault\u00a0\u00bb header_level=\u00a0\u00bbh1&Prime; header_text_color=\u00a0\u00bb#000000&Prime; header_font_size=\u00a0\u00bb36px\u00a0\u00bb body_text_color=\u00a0\u00bb#000000&Prime; background_color=\u00a0\u00bb#FAD071&Prime; custom_padding=\u00a0\u00bb8px||0px|||\u00a0\u00bb global_colors_info=\u00a0\u00bb{}\u00a0\u00bb]<\/p>\n<p><span class=\"Apple-tab-span\"> <\/span>Games in the <strong>Forbidden Forest<\/strong><br \/>Indoor <strong>Palace of Games<\/strong> covering 1000 m\u00b2<br \/><strong>Flying balls challenge<\/strong><br \/>New <strong>dinner show<\/strong>\u200b<br \/><span>Snacking et bar<\/span><\/p>\n<p>[\/et_pb_cta][\/et_pb_column][\/et_pb_row][et_pb_row _builder_version=\u00a0\u00bb4.16&Prime; _module_preset=\u00a0\u00bbdefault\u00a0\u00bb global_colors_info=\u00a0\u00bb{}\u00a0\u00bb][et_pb_column type=\u00a0\u00bb4_4&Prime; _builder_version=\u00a0\u00bb4.16&Prime; _module_preset=\u00a0\u00bbdefault\u00a0\u00bb global_colors_info=\u00a0\u00bb{}\u00a0\u00bb][et_pb_text _builder_version=\u00a0\u00bb4.23.1&Prime; _module_preset=\u00a0\u00bbdefault\u00a0\u00bb text_text_color=\u00a0\u00bb#FFFFFF\u00a0\u00bb header_text_color=\u00a0\u00bb#FFFFFF\u00a0\u00bb header_line_height=\u00a0\u00bb1.3em\u00a0\u00bb global_colors_info=\u00a0\u00bb{}\u00a0\u00bb]<\/p>\n<h1 style=\"text-align: center;\"><span>Take spell classes in the genuine School of Wizards, Rocher Portail, a dream that finally becomes reality!<\/p>\n<p><\/span><\/h1>\n<p style=\"text-align: center;\"><strong>Duration of the experience: 3 to 4 hours minimum (70% in a covered space)<\/strong><\/p>\n<p>&nbsp;<\/p>\n<p style=\"text-align: center;\"><strong>Receive your admission letter to the prestigious School of Wizards, located in a large castle in Brittany, not far from Mont Saint Michel.<\/strong><\/p>\n<p style=\"text-align: center;\"><strong>Upon their arrival, new students (from 4 to 99 years old&#8230;) will marvel at the genuine medieval banquet hall of Rocher Portail. They will then be directed to the castle where all the classrooms of the Rocher Portail school are located.<\/strong><br \/><strong>The school tour, Rocher Portail, will transport you into an immersive atmosphere where enchanted objects, special effects, and magical creatures await you.<\/strong><\/p>\n<p style=\"text-align: center;\"><strong>You, apprentice wizards, will discover the professors&rsquo; rooms, classrooms, and the dormitories of the students from each house. All these rooms are fully furnished and animated with the most enchanting effects.<\/strong><br \/><strong>The interiors (accessories, furniture, decorations) are not fake but very real, stemming from the castle&rsquo;s history, some of which are over 700 years old!<\/strong><\/p>\n<p style=\"text-align: center;\"><strong>Rocher Portail is the only School of Wizards in Europe situated in a genuine castle classified as a Historic Monument.<\/strong><\/p>\n<p style=\"text-align: center;\"><strong>An immersive event surrounding the world of wizards for the whole family (children and adults) in a truly breathtaking location. Thrills guaranteed.<\/strong><\/p>\n<p>[\/et_pb_text][et_pb_divider _builder_version=\u00a0\u00bb4.23.1&Prime; _module_preset=\u00a0\u00bbdefault\u00a0\u00bb global_colors_info=\u00a0\u00bb{}\u00a0\u00bb][\/et_pb_divider][et_pb_text _builder_version=\u00a0\u00bb4.23.1&Prime; _module_preset=\u00a0\u00bbdefault\u00a0\u00bb text_text_color=\u00a0\u00bb#FFFFFF\u00a0\u00bb global_colors_info=\u00a0\u00bb{}\u00a0\u00bb]<\/p>\n<p style=\"text-align: center;\"><b>An animated discovery:<br \/><\/b>Demonstration of making magic wands and broomsticks in the old forge. Broomstick flight outside. Meet the lady with the owls\u2026<\/p>\n<p style=\"text-align: center;\"><b>Selfie space:<br \/><\/b>In the old stables, you can photograph yourself in 5 different magical settings. A school trip by bus, arriving in your dormitory, the first flight on a broomstick, a sinister encounter in the library, sending mail by owls, and in the courtyard, take a photo next to the flying car.<\/p>\n<p style=\"text-align: center;\"><b>Gardens:<br \/><\/b>Arch of Truth, labyrinths, archery, games, magic garden, and Milendall Pavilion.<\/p>\n<p style=\"text-align: center;\"><b>Palace of Games:<br \/><\/b>Drone soccer, wooden games, labyrinth, 3 inflatable game courses\u2026<\/p>\n<p style=\"text-align: center;\"><b><\/b><\/p>\n<p style=\"text-align: center;\"><b>The Forbidden Forest:<br \/><\/b>Tree climbing, games, monkey bridge, zip line, wizards\u2019 hut, and fantastic animals\u2026<\/p>\n<p style=\"text-align: center;\"><b>Bar and fast food:<br \/><\/b>Sandwiches, ice cream, chips, cakes, etc\u2026<\/p>\n<p>[\/et_pb_text][et_pb_image src=\u00a0\u00bbhttps:\/\/lerocherportail.fr\/en\/wp-content\/uploads\/2023\/02\/footer_logo_v2.jpg\u00a0\u00bb title_text=\u00a0\u00bbfooter_logo_v2&Prime; align=\u00a0\u00bbcenter\u00a0\u00bb _builder_version=\u00a0\u00bb4.20.0&Prime; _module_preset=\u00a0\u00bbdefault\u00a0\u00bb global_colors_info=\u00a0\u00bb{}\u00a0\u00bb][\/et_pb_image][et_pb_image src=\u00a0\u00bbhttps:\/\/lerocherportail.fr\/en\/wp-content\/uploads\/2024\/08\/Guide-Michelin.png\u00a0\u00bb title_text=\u00a0\u00bbGuide-Michelin\u00a0\u00bb align=\u00a0\u00bbcenter\u00a0\u00bb _builder_version=\u00a0\u00bb4.23.1&Prime; _module_preset=\u00a0\u00bbdefault\u00a0\u00bb global_colors_info=\u00a0\u00bb{}\u00a0\u00bb][\/et_pb_image][el_modal_popup modal_id=\u00a0\u00bbFront page\u00a0\u00bb trigger_type=\u00a0\u00bbon_page_load\u00a0\u00bb trigger_delay=\u00a0\u00bb500ms\u00a0\u00bb close_on_esc=\u00a0\u00bbon\u00a0\u00bb show_header=\u00a0\u00bboff\u00a0\u00bb close_button_text=\u00a0\u00bbContinue..\u00a0\u00bb modal_content_type=\u00a0\u00bblayout\u00a0\u00bb modal_content_layout=\u00a0\u00bb1453&Prime; modal_custom_padding=\u00a0\u00bb0px|||0px|false|false\u00a0\u00bb modal_body_custom_padding=\u00a0\u00bb20px|0px|20px|0px|true|true\u00a0\u00bb modal_overlay_bg_color=\u00a0\u00bbRGBA(255,255,255,0)\u00a0\u00bb modal_bg_color=\u00a0\u00bb#000000&Prime; disabled_on=\u00a0\u00bbon|on|on\u00a0\u00bb _builder_version=\u00a0\u00bb4.23.1&Prime; _module_preset=\u00a0\u00bbdefault\u00a0\u00bb close_button_alignment=\u00a0\u00bbcenter\u00a0\u00bb animation_style=\u00a0\u00bbzoom\u00a0\u00bb border_width_all_trigger_element=\u00a0\u00bb3px\u00a0\u00bb border_color_all_trigger_element=\u00a0\u00bb#D1A445&Prime; box_shadow_style_trigger_element=\u00a0\u00bbpreset1&Prime; disabled=\u00a0\u00bbon\u00a0\u00bb global_colors_info=\u00a0\u00bb{}\u00a0\u00bb]<\/p>\n<p>Prochain \u00e9v\u00e8nement du 21 au 4 novembre 2023<br \/>In\u00e9dit ! d\u00e9couverte pour la premi\u00e8re fois des caves du ch\u00e2teau, o\u00f9 se trouve la crypte au tr\u00e9sor avec toujours la d\u00e9couverte de l\u2019\u00e9cole, la salle des banquets, acc\u00e8s au jardin et \u00e0 la for\u00eat interdite en pr\u00e9sence de l\u2019ensemble des professeurs. Mise en vente pour le week-end du patrimoine, le dimanche 17 septembre \u00e0 11h !<br \/>Notez le d\u00e8s maintenant dans votre agenda!<\/p>\n<p>[\/el_modal_popup][\/et_pb_column][\/et_pb_row][\/et_pb_section][et_pb_section fb_built=\u00a0\u00bb1&Prime; fullwidth=\u00a0\u00bbon\u00a0\u00bb _builder_version=\u00a0\u00bb4.16&Prime; _module_preset=\u00a0\u00bbdefault\u00a0\u00bb global_colors_info=\u00a0\u00bb{}\u00a0\u00bb][et_pb_fullwidth_image src=\u00a0\u00bbhttps:\/\/lerocherportail.fr\/en\/wp-content\/uploads\/2023\/02\/footer_banner_0007_footer_-1.jpg\u00a0\u00bb title_text=\u00a0\u00bbfooter_banner_0007_footer_\u00a0\u00bb _builder_version=\u00a0\u00bb4.16&Prime; _module_preset=\u00a0\u00bbdefault\u00a0\u00bb global_colors_info=\u00a0\u00bb{}\u00a0\u00bb][\/et_pb_fullwidth_image][\/et_pb_section]<\/p>\n","protected":false},"excerpt":{"rendered":"<p>Come experience the extraordinary adventure of an apprentice sorcerer in a real castle. THE EVENTS Outside of these opening dates, the castle is closed to the public.Billetterie en ligne \u00e0 partir du 15 mars \u00e0 18 heuresBilletterie en ligne \u00e0 partir du 20 juinBilletterie en ligne \u00e0 partir du 22 septembreBilletterie en ligne \u00e0 partir [&hellip;]<\/p>\n","protected":false},"author":1,"featured_media":0,"parent":0,"menu_order":0,"comment_status":"closed","ping_status":"closed","template":"","meta":{"_seopress_robots_primary_cat":"","_seopress_titles_title":"Le Rocher Portail : The New School of Sorcery in Brittany.","_seopress_titles_desc":"","_seopress_robots_index":"","_et_pb_use_builder":"on","_et_pb_old_content":"<!-- wp:image -->\n<figure class=\"wp-block-image\"><img alt=\"\"\/><\/figure>\n<!-- \/wp:image -->","_et_gb_content_width":"","footnotes":""},"class_list":["post-12","page","type-page","status-publish","hentry"],"_links":{"self":[{"href":"https:\/\/lerocherportail.fr\/en\/wp-json\/wp\/v2\/pages\/12"}],"collection":[{"href":"https:\/\/lerocherportail.fr\/en\/wp-json\/wp\/v2\/pages"}],"about":[{"href":"https:\/\/lerocherportail.fr\/en\/wp-json\/wp\/v2\/types\/page"}],"author":[{"embeddable":true,"href":"https:\/\/lerocherportail.fr\/en\/wp-json\/wp\/v2\/users\/1"}],"replies":[{"embeddable":true,"href":"https:\/\/lerocherportail.fr\/en\/wp-json\/wp\/v2\/comments?post=12"}],"version-history":[{"count":122,"href":"https:\/\/lerocherportail.fr\/en\/wp-json\/wp\/v2\/pages\/12\/revisions"}],"predecessor-version":[{"id":2084,"href":"https:\/\/lerocherportail.fr\/en\/wp-json\/wp\/v2\/pages\/12\/revisions\/2084"}],"wp:attachment":[{"href":"https:\/\/lerocherportail.fr\/en\/wp-json\/wp\/v2\/media?parent=12"}],"curies":[{"name":"wp","href":"https:\/\/api.w.org\/{rel}","templated":true}]}}