{"id":52,"date":"2023-02-06T12:30:16","date_gmt":"2023-02-06T11:30:16","guid":{"rendered":"https:\/\/lerocherportail.fr\/en\/?page_id=52"},"modified":"2023-09-27T09:27:46","modified_gmt":"2023-09-27T07:27:46","slug":"billets2","status":"publish","type":"page","link":"https:\/\/lerocherportail.fr\/en\/billets2\/","title":{"rendered":"BILLETS"},"content":{"rendered":"<p>[et_pb_section fb_built=\u00a0\u00bb1&Prime; fullwidth=\u00a0\u00bbon\u00a0\u00bb _builder_version=\u00a0\u00bb4.16&Prime; _module_preset=\u00a0\u00bbdefault\u00a0\u00bb global_colors_info=\u00a0\u00bb{}\u00a0\u00bb][et_pb_fullwidth_image src=\u00a0\u00bbhttps:\/\/lerocherportail.fr\/en\/wp-content\/uploads\/2023\/02\/top_banner_0002_magical_manuscript.jpg\u00a0\u00bb title_text=\u00a0\u00bbtop_banner_0002_magical_manuscript\u00a0\u00bb _builder_version=\u00a0\u00bb4.16&Prime; _module_preset=\u00a0\u00bbdefault\u00a0\u00bb global_colors_info=\u00a0\u00bb{}\u00a0\u00bb][\/et_pb_fullwidth_image][\/et_pb_section][et_pb_section fb_built=\u00a0\u00bb1&Prime; _builder_version=\u00a0\u00bb4.16&Prime; _module_preset=\u00a0\u00bbdefault\u00a0\u00bb background_image=\u00a0\u00bbhttps:\/\/lerocherportail.fr\/en\/wp-content\/uploads\/2023\/02\/background_paper03.jpg\u00a0\u00bb custom_padding=\u00a0\u00bb0px|||||\u00a0\u00bb collapsed=\u00a0\u00bboff\u00a0\u00bb global_colors_info=\u00a0\u00bb{}\u00a0\u00bb][et_pb_row _builder_version=\u00a0\u00bb4.16&Prime; _module_preset=\u00a0\u00bbdefault\u00a0\u00bb custom_padding=\u00a0\u00bb12px||0px|||\u00a0\u00bb global_colors_info=\u00a0\u00bb{}\u00a0\u00bb][et_pb_column type=\u00a0\u00bb4_4&Prime; _builder_version=\u00a0\u00bb4.16&Prime; _module_preset=\u00a0\u00bbdefault\u00a0\u00bb global_colors_info=\u00a0\u00bb{}\u00a0\u00bb][et_pb_image src=\u00a0\u00bbhttps:\/\/lerocherportail.fr\/en\/wp-content\/uploads\/2023\/03\/headers_Billets.png\u00a0\u00bb title_text=\u00a0\u00bbheaders_Billets\u00a0\u00bb align=\u00a0\u00bbcenter\u00a0\u00bb _builder_version=\u00a0\u00bb4.20.0&Prime; _module_preset=\u00a0\u00bbdefault\u00a0\u00bb custom_margin=\u00a0\u00bb||-70px|||\u00a0\u00bb custom_padding=\u00a0\u00bb||0px|||\u00a0\u00bb global_colors_info=\u00a0\u00bb{}\u00a0\u00bb][\/et_pb_image][\/et_pb_column][\/et_pb_row][et_pb_row column_structure=\u00a0\u00bb1_2,1_2&Prime; _builder_version=\u00a0\u00bb4.16&Prime; _module_preset=\u00a0\u00bbdefault\u00a0\u00bb collapsed=\u00a0\u00bbon\u00a0\u00bb global_colors_info=\u00a0\u00bb{}\u00a0\u00bb][et_pb_column type=\u00a0\u00bb1_2&Prime; _builder_version=\u00a0\u00bb4.16&Prime; _module_preset=\u00a0\u00bbdefault\u00a0\u00bb global_colors_info=\u00a0\u00bb{}\u00a0\u00bb][et_pb_blurb url=\u00a0\u00bbhttp:\/\/billetweb.fr\/rocher-portail-la-nouvelle-ecole-des-sorciers1&Prime; image=\u00a0\u00bbhttps:\/\/lerocherportail.fr\/en\/wp-content\/uploads\/2023\/03\/Formules-v2-apresmidi.jpg\u00a0\u00bb _builder_version=\u00a0\u00bb4.21.0&Prime; _module_preset=\u00a0\u00bbdefault\u00a0\u00bb background_color=\u00a0\u00bb#FFFFFF\u00a0\u00bb custom_padding=\u00a0\u00bb20px|20px|20px|20px|false|false\u00a0\u00bb link_option_url=\u00a0\u00bbbilletweb.fr\/rocher-portail-la-nouvelle-ecole-des-sorciers1&Prime; border_width_all=\u00a0\u00bb1px\u00a0\u00bb border_color_all=\u00a0\u00bb#D1A445&Prime; box_shadow_style=\u00a0\u00bbpreset1&Prime; global_colors_info=\u00a0\u00bb{}\u00a0\u00bb]<\/p>\n<h3 style=\"text-align: center;\"><strong>Formule d&rsquo;apr\u00e8s-midi :<\/strong><\/h3>\n<h3 style=\"text-align: center;\"><strong>28,57 euros par personne (1h30)<\/strong><\/h3>\n<p>R\u00e9servation en ligne d&rsquo;un cr\u00e9neau horaire entre 14h \u00e0 19h30. (60 personnes toutes les 15 minutes, derni\u00e8re entr\u00e9e 16h30).<br \/>Age conseill\u00e9 : plus de 4 ans. (certains effets sp\u00e9ciaux pouvant impressionner les plus petits)<\/p>\n<p style=\"text-align: center;\"><strong>Ev\u00e9nement familial de 4 \u00e0 99 ans<\/strong><strong><\/strong><\/p>\n<p style=\"text-align: center;\"><strong><\/strong><\/p>\n<ul>\n<li>Visite de la salle Le Banquet.<\/li>\n<li>Visite de l&rsquo;Ecole Rocher Portail (soit une 30aine de pi\u00e8ces enti\u00e8rement sc\u00e9nographi\u00e9es dans l&rsquo;univers de la magie et de la sorcellerie avec effets sp\u00e9ciaux et com\u00e9diens).<\/li>\n<li>Espace selfy (5 espaces mis en sc\u00e8ne dans les \u00e9curies).<\/li>\n<li>Animation de fauconnerie avec Chouette et Hiboux.<\/li>\n<li>Atelier \u00ab\u00a0Baguette et balai magiques.<\/li>\n<li>Animations avec 6 com\u00e9diens (les professeurs de l&rsquo;\u00e9cole vous donnent des cours de magie).<\/li>\n<li>Acc\u00e8s aux jardins, \u00e0 la for\u00eat interdite.<\/li>\n<li>Boutique souvenirs (chapeau, capes, peluches, accessoires, livres&#8230;)<\/li>\n<li>Boissons et gourmandises (biscuits, bonbons, glaces&#8230;)<\/li>\n<\/ul>\n<p style=\"text-align: center;\">\n<p>[\/et_pb_blurb][\/et_pb_column][et_pb_column type=\u00a0\u00bb1_2&Prime; _builder_version=\u00a0\u00bb4.16&Prime; _module_preset=\u00a0\u00bbdefault\u00a0\u00bb global_colors_info=\u00a0\u00bb{}\u00a0\u00bb][et_pb_blurb url=\u00a0\u00bbhttp:\/\/billetweb.fr\/rocher-portail-la-nouvelle-ecole-des-sorciers1&Prime; image=\u00a0\u00bbhttps:\/\/lerocherportail.fr\/en\/wp-content\/uploads\/2023\/03\/Formules-v2-soir-1.jpg\u00a0\u00bb _builder_version=\u00a0\u00bb4.21.0&Prime; _module_preset=\u00a0\u00bbdefault\u00a0\u00bb background_color=\u00a0\u00bb#FFFFFF\u00a0\u00bb custom_margin=\u00a0\u00bb||||false|false\u00a0\u00bb custom_padding=\u00a0\u00bb20px|20px|20px|20px|false|false\u00a0\u00bb link_option_url=\u00a0\u00bbbilletweb.fr\/rocher-portail-la-nouvelle-ecole-des-sorciers1&Prime; border_width_all=\u00a0\u00bb1px\u00a0\u00bb border_color_all=\u00a0\u00bb#D1A445&Prime; box_shadow_style=\u00a0\u00bbpreset1&Prime; global_colors_info=\u00a0\u00bb{}\u00a0\u00bb]<\/p>\n<h3 style=\"text-align: center;\"><strong>Formule d\u00eener spectacle du soir :<\/strong><\/h3>\n<h3 style=\"text-align: center;\"><strong>99,80 euros par personne (3h30)<\/strong><\/h3>\n<p>R\u00e9servation de vos places pour la soir\u00e9e. D\u00e9but de l&rsquo;\u00e9v\u00e9nement \u00e0 19h30. 15 soir\u00e9es de 216 places par soir\u00e9e. Age requis, \u00e0 partir de 7 ans.<br \/><strong>Choisir cr\u00e9neau de 19h30<\/strong><\/p>\n<p style=\"text-align: center;\"><strong>Ev\u00e9nement familial de 7 \u00e0 99 ans<\/strong><\/p>\n<ul>\n<li>le repas dans la salle Le Banquet avec les professeurs qui animeront votre soir\u00e9e pendant 1h30. (animations immersives, effets sp\u00e9ciaux, tours de magie&#8230;).<\/li>\n<li>Visite de l&rsquo;Ecole Rocher Portail (soit une 30aine de pi\u00e8ces enti\u00e8rement sc\u00e9nographi\u00e9es dans l&rsquo;univers de la magie et de la sorcellerie avec effets sp\u00e9ciaux et com\u00e9diens).<\/li>\n<li>Espace selfy (5 espaces mis en sc\u00e8ne dans les \u00e9curies).<\/li>\n<li>Atelier \u00ab\u00a0Baguette et balai magiques.<\/li>\n<li>Animations avec 6 com\u00e9diens (les professeurs de l&rsquo;\u00e9cole vous donnent des cours de magie).<\/li>\n<li>Boutique souvenirs.<\/li>\n<li>le spectacle de cl\u00f4ture (in\u00e9dit)<\/li>\n<\/ul>\n<p>R\u00e9servation en ligne. Ev\u00e9nement qui d\u00e9butera \u00e0 19h30. Cette formule est r\u00e9serv\u00e9e aux personnes de plus de 7 ans.(certains effets sp\u00e9ciaux pouvant impressionner les plus jeunes)<\/p>\n<p>&nbsp;<\/p>\n<p>[\/et_pb_blurb][\/et_pb_column][\/et_pb_row][et_pb_row admin_label=\u00a0\u00bbTRESOR\u00a0\u00bb _builder_version=\u00a0\u00bb4.9.9&Prime; _module_preset=\u00a0\u00bbdefault\u00a0\u00bb background_color=\u00a0\u00bb#ede9df\u00a0\u00bb custom_margin=\u00a0\u00bb20px||20px||false|false\u00a0\u00bb custom_padding=\u00a0\u00bb20px|20px|20px|20px|false|false\u00a0\u00bb border_width_all=\u00a0\u00bb6px\u00a0\u00bb border_color_all=\u00a0\u00bb#D1A445&Prime; border_style_all=\u00a0\u00bbdouble\u00a0\u00bb box_shadow_style=\u00a0\u00bbpreset1&Prime; global_module=\u00a0\u00bb266&Prime; collapsed=\u00a0\u00bboff\u00a0\u00bb global_colors_info=\u00a0\u00bb{}\u00a0\u00bb][et_pb_column type=\u00a0\u00bb4_4&Prime; _builder_version=\u00a0\u00bb4.16&Prime; _module_preset=\u00a0\u00bbdefault\u00a0\u00bb global_colors_info=\u00a0\u00bb{}\u00a0\u00bb][et_pb_image src=\u00a0\u00bbhttps:\/\/lerocherportail.fr\/en\/wp-content\/uploads\/2023\/03\/Events_flat-web-v2-1080-Crypte.jpg\u00a0\u00bb title_text=\u00a0\u00bbEvents_flat web &#8211; v2 1080 Crypte\u00a0\u00bb disabled_on=\u00a0\u00bbon|off|off\u00a0\u00bb _builder_version=\u00a0\u00bb4.20.0&Prime; _module_preset=\u00a0\u00bbdefault\u00a0\u00bb global_colors_info=\u00a0\u00bb{}\u00a0\u00bb][\/et_pb_image][et_pb_image src=\u00a0\u00bbhttps:\/\/lerocherportail.fr\/en\/wp-content\/uploads\/2023\/03\/Events_flat-half-v2-400-crypte.jpg\u00a0\u00bb title_text=\u00a0\u00bbEvents_flat half v2 400 crypte\u00a0\u00bb align=\u00a0\u00bbcenter\u00a0\u00bb disabled_on=\u00a0\u00bboff|on|on\u00a0\u00bb _builder_version=\u00a0\u00bb4.20.0&Prime; _module_preset=\u00a0\u00bbdefault\u00a0\u00bb global_colors_info=\u00a0\u00bb{}\u00a0\u00bb][\/et_pb_image][et_pb_text _builder_version=\u00a0\u00bb4.16&Prime; _module_preset=\u00a0\u00bbdefault\u00a0\u00bb global_colors_info=\u00a0\u00bb{}\u00a0\u00bb]<\/p>\n<p>Il est normalement interdit aux \u00e9l\u00e8ves de se rendre dans les caves situ\u00e9es sous le ch\u00e2teau. C\u2019est l\u00e0 que se trouvent la banque, la caisse aux 100sous et le fameux portail magique qui donne acc\u00e8s aux diff\u00e9rents souterrains. Des perturbations obscures vont contraindre les \u00e9l\u00e8ves \u00e0 enfreindre de cette r\u00e8gle.<\/p>\n<p>[\/et_pb_text][et_pb_divider color=\u00a0\u00bb#D1A445&Prime; _builder_version=\u00a0\u00bb4.16&Prime; _module_preset=\u00a0\u00bbdefault\u00a0\u00bb custom_margin=\u00a0\u00bb||0px||false|false\u00a0\u00bb global_colors_info=\u00a0\u00bb{}\u00a0\u00bb][\/et_pb_divider][et_pb_text _builder_version=\u00a0\u00bb4.16&Prime; _module_preset=\u00a0\u00bbdefault\u00a0\u00bb global_colors_info=\u00a0\u00bb{}\u00a0\u00bb]<\/p>\n<h3><strong>Formule apr\u00e8s-midi\u00a0:<\/strong> 28,57\u20ac\/personne (\u00e2ge minimum requis de 4 ans)<\/h3>\n<p>Les fant\u00f4mes rodent dans le ch\u00e2teau. Le Monstre du Couesnon a accumul\u00e9 ses tr\u00e9sors, dans certains souterrains. Il va falloir retrouver le grimoire d\u2019Agile RUELLAN dans les caves du ch\u00e2teau.<\/p>\n<p><a href=\"https:\/\/www.billetweb.fr\/rocher-portail-la-nouvelle-ecole-des-sorciers1\"><img loading=\"lazy\" decoding=\"async\" src=\"https:\/\/lerocherportail.fr\/en\/wp-content\/uploads\/2023\/02\/Billet_web_apresmidi-300x141.png\" width=\"300\" height=\"141\" alt=\"\" class=\"wp-image-702 alignnone size-medium\" srcset=\"https:\/\/lerocherportail.fr\/en\/wp-content\/uploads\/2023\/02\/Billet_web_apresmidi-300x141.png 300w, https:\/\/lerocherportail.fr\/en\/wp-content\/uploads\/2023\/02\/Billet_web_apresmidi.png 367w\" sizes=\"(max-width: 300px) 100vw, 300px\" \/><\/a><\/p>\n<p>[\/et_pb_text][et_pb_text _builder_version=\u00a0\u00bb4.21.0&Prime; _module_preset=\u00a0\u00bbdefault\u00a0\u00bb hover_enabled=\u00a0\u00bb0&Prime; global_colors_info=\u00a0\u00bb{}\u00a0\u00bb sticky_enabled=\u00a0\u00bb0&Prime;]<\/p>\n<h1><strong>Billetterie\u00a0<\/strong><strong>\u00e0\u00a0<\/strong><strong>partir du 17 septembre2023<\/strong><\/h1>\n<p>[\/et_pb_text][et_pb_divider color=\u00a0\u00bb#D1A445&Prime; _builder_version=\u00a0\u00bb4.16&Prime; _module_preset=\u00a0\u00bbdefault\u00a0\u00bb custom_margin=\u00a0\u00bb||0px||false|false\u00a0\u00bb global_colors_info=\u00a0\u00bb{}\u00a0\u00bb][\/et_pb_divider][et_pb_text _builder_version=\u00a0\u00bb4.16&Prime; _module_preset=\u00a0\u00bbdefault\u00a0\u00bb global_colors_info=\u00a0\u00bb{}\u00a0\u00bb]<\/p>\n<h3><strong>Formule soir\u00a0:<\/strong> 99,80\u20ac\/personne (\u00e2ge minimum requis de 7 ans)<\/h3>\n<p>Un \u00e9l\u00e8ve parmi les 216 invit\u00e9s perturbe le fabuleux Portail situ\u00e9 sous le ch\u00e2teau. Les professeurs vont devoir utiliser leurs pouvoir et sortil\u00e8ges pour le d\u00e9masquer.<\/p>\n<p><a href=\"https:\/\/www.billetweb.fr\/rocher-portail-la-nouvelle-ecole-des-sorciers1\"><img loading=\"lazy\" decoding=\"async\" src=\"https:\/\/lerocherportail.fr\/en\/wp-content\/uploads\/2023\/02\/Billet_web_soir-300x141.png\" width=\"300\" height=\"141\" alt=\"\" class=\"wp-image-704 alignnone size-medium\" srcset=\"https:\/\/lerocherportail.fr\/en\/wp-content\/uploads\/2023\/02\/Billet_web_soir-300x141.png 300w, https:\/\/lerocherportail.fr\/en\/wp-content\/uploads\/2023\/02\/Billet_web_soir.png 367w\" sizes=\"(max-width: 300px) 100vw, 300px\" \/><\/a><\/p>\n<p>[\/et_pb_text][\/et_pb_column][\/et_pb_row][et_pb_row admin_label=\u00a0\u00bbNOEL\u00a0\u00bb _builder_version=\u00a0\u00bb4.9.9&Prime; _module_preset=\u00a0\u00bbdefault\u00a0\u00bb background_color=\u00a0\u00bb#e4ebef\u00a0\u00bb custom_margin=\u00a0\u00bb20px||20px||false|false\u00a0\u00bb custom_padding=\u00a0\u00bb20px|20px|20px|20px|false|false\u00a0\u00bb border_width_all=\u00a0\u00bb6px\u00a0\u00bb border_color_all=\u00a0\u00bb#D1A445&Prime; border_style_all=\u00a0\u00bbdouble\u00a0\u00bb box_shadow_style=\u00a0\u00bbpreset1&Prime; global_module=\u00a0\u00bb267&Prime; collapsed=\u00a0\u00bboff\u00a0\u00bb global_colors_info=\u00a0\u00bb{}\u00a0\u00bb][et_pb_column type=\u00a0\u00bb4_4&Prime; _builder_version=\u00a0\u00bb4.16&Prime; _module_preset=\u00a0\u00bbdefault\u00a0\u00bb global_colors_info=\u00a0\u00bb{}\u00a0\u00bb][et_pb_image src=\u00a0\u00bbhttps:\/\/lerocherportail.fr\/en\/wp-content\/uploads\/2023\/03\/Events_flat-web-v2-1080-Noel.jpg\u00a0\u00bb title_text=\u00a0\u00bbEvents_flat web &#8211; v2 1080 Noel\u00a0\u00bb disabled_on=\u00a0\u00bbon|off|off\u00a0\u00bb _builder_version=\u00a0\u00bb4.20.0&Prime; _module_preset=\u00a0\u00bbdefault\u00a0\u00bb global_colors_info=\u00a0\u00bb{}\u00a0\u00bb][\/et_pb_image][et_pb_image src=\u00a0\u00bbhttps:\/\/lerocherportail.fr\/en\/wp-content\/uploads\/2023\/03\/Events_flat-half-v2-Noel.jpg\u00a0\u00bb title_text=\u00a0\u00bbEvents_flat half v2 Noel\u00a0\u00bb align=\u00a0\u00bbcenter\u00a0\u00bb disabled_on=\u00a0\u00bboff|on|on\u00a0\u00bb _builder_version=\u00a0\u00bb4.20.0&Prime; _module_preset=\u00a0\u00bbdefault\u00a0\u00bb global_colors_info=\u00a0\u00bb{}\u00a0\u00bb][\/et_pb_image][et_pb_text _builder_version=\u00a0\u00bb4.16&Prime; _module_preset=\u00a0\u00bbdefault\u00a0\u00bb width=\u00a0\u00bb75.4%\u00a0\u00bb global_colors_info=\u00a0\u00bb{}\u00a0\u00bb]<\/p>\n<h3><strong>Formule apr\u00e8s-midi\u00a0:<\/strong> 28,57\u20ac\/personne (\u00e2ge minimum requis\u00a0de 4 ans)<\/h3>\n<p>La magie op\u00e8re dans les pi\u00e8ces du ch\u00e2teau. Les \u00e9l\u00e8ves et les professeurs se pr\u00e9parent \u00e0 \u00e9couter le discours de leur directrice, dans la salle le BANQUET particuli\u00e8rement d\u00e9cor\u00e9e en cette fin d\u2019ann\u00e9e.<\/p>\n<p><a href=\"https:\/\/www.billetweb.fr\/rocher-portail-la-nouvelle-ecole-des-sorciers1\"><img loading=\"lazy\" decoding=\"async\" src=\"https:\/\/lerocherportail.fr\/en\/wp-content\/uploads\/2023\/02\/Billet_web_apresmidi-300x141.png\" width=\"300\" height=\"141\" alt=\"\" class=\"wp-image-702 alignnone size-medium\" srcset=\"https:\/\/lerocherportail.fr\/en\/wp-content\/uploads\/2023\/02\/Billet_web_apresmidi-300x141.png 300w, https:\/\/lerocherportail.fr\/en\/wp-content\/uploads\/2023\/02\/Billet_web_apresmidi.png 367w\" sizes=\"(max-width: 300px) 100vw, 300px\" \/><\/a><\/p>\n<p>[\/et_pb_text][et_pb_text _builder_version=\u00a0\u00bb4.16&Prime; _module_preset=\u00a0\u00bbdefault\u00a0\u00bb global_colors_info=\u00a0\u00bb{}\u00a0\u00bb]<\/p>\n<h1><strong>Billetterie \u00e0 partir du 5 novembre 2023<\/strong><\/h1>\n<p>[\/et_pb_text][et_pb_divider color=\u00a0\u00bb#D1A445&Prime; _builder_version=\u00a0\u00bb4.16&Prime; _module_preset=\u00a0\u00bbdefault\u00a0\u00bb custom_margin=\u00a0\u00bb||0px||false|false\u00a0\u00bb global_colors_info=\u00a0\u00bb{}\u00a0\u00bb][\/et_pb_divider][et_pb_text _builder_version=\u00a0\u00bb4.20.0&Prime; _module_preset=\u00a0\u00bbdefault\u00a0\u00bb global_colors_info=\u00a0\u00bb{}\u00a0\u00bb]<\/p>\n<h3><strong>Formule soir\u00a0:<\/strong> 99,80\u20ac\/personne (\u00e2ge minimum requis de 7 ans)<\/h3>\n<p>Musiciens et danseurs animeront la soir\u00e9e la plus attendue de l\u2019ann\u00e9e, le bal de No\u00ebl.<\/p>\n<p><a href=\"https:\/\/www.billetweb.fr\/rocher-portail-la-nouvelle-ecole-des-sorciers1\"><img loading=\"lazy\" decoding=\"async\" src=\"https:\/\/lerocherportail.fr\/en\/wp-content\/uploads\/2023\/02\/Billet_web_soir-300x141.png\" width=\"300\" height=\"141\" alt=\"\" class=\"wp-image-704 alignnone size-medium\" srcset=\"https:\/\/lerocherportail.fr\/en\/wp-content\/uploads\/2023\/02\/Billet_web_soir-300x141.png 300w, https:\/\/lerocherportail.fr\/en\/wp-content\/uploads\/2023\/02\/Billet_web_soir.png 367w\" sizes=\"(max-width: 300px) 100vw, 300px\" \/><\/a><\/p>\n<p>[\/et_pb_text][\/et_pb_column][\/et_pb_row][\/et_pb_section][et_pb_section fb_built=\u00a0\u00bb1&Prime; fullwidth=\u00a0\u00bbon\u00a0\u00bb _builder_version=\u00a0\u00bb4.16&Prime; _module_preset=\u00a0\u00bbdefault\u00a0\u00bb global_colors_info=\u00a0\u00bb{}\u00a0\u00bb][et_pb_fullwidth_image src=\u00a0\u00bbhttps:\/\/lerocherportail.fr\/en\/wp-content\/uploads\/2023\/02\/footer_banner_0002_footer_.jpg\u00a0\u00bb title_text=\u00a0\u00bbfooter_banner_0002_footer_\u00a0\u00bb _builder_version=\u00a0\u00bb4.16&Prime; _module_preset=\u00a0\u00bbdefault\u00a0\u00bb global_colors_info=\u00a0\u00bb{}\u00a0\u00bb][\/et_pb_fullwidth_image][\/et_pb_section]<\/p>\n","protected":false},"excerpt":{"rendered":"<p>Formule d&rsquo;apr\u00e8s-midi : 28,57 euros par personne (1h30) R\u00e9servation en ligne d&rsquo;un cr\u00e9neau horaire entre 14h \u00e0 19h30. (60 personnes toutes les 15 minutes, derni\u00e8re entr\u00e9e 16h30).Age conseill\u00e9 : plus de 4 ans. (certains effets sp\u00e9ciaux pouvant impressionner les plus petits) Ev\u00e9nement familial de 4 \u00e0 99 ans Visite de la salle Le Banquet. Visite [&hellip;]<\/p>\n","protected":false},"author":1,"featured_media":0,"parent":0,"menu_order":0,"comment_status":"closed","ping_status":"closed","template":"","meta":{"_seopress_robots_primary_cat":"","_seopress_titles_title":"","_seopress_titles_desc":"","_seopress_robots_index":"","_seopress_analysis_target_kw":"","_et_pb_use_builder":"on","_et_pb_old_content":"","_et_gb_content_width":"","footnotes":""},"class_list":["post-52","page","type-page","status-publish","hentry"],"_links":{"self":[{"href":"https:\/\/lerocherportail.fr\/en\/wp-json\/wp\/v2\/pages\/52"}],"collection":[{"href":"https:\/\/lerocherportail.fr\/en\/wp-json\/wp\/v2\/pages"}],"about":[{"href":"https:\/\/lerocherportail.fr\/en\/wp-json\/wp\/v2\/types\/page"}],"author":[{"embeddable":true,"href":"https:\/\/lerocherportail.fr\/en\/wp-json\/wp\/v2\/users\/1"}],"replies":[{"embeddable":true,"href":"https:\/\/lerocherportail.fr\/en\/wp-json\/wp\/v2\/comments?post=52"}],"version-history":[{"count":65,"href":"https:\/\/lerocherportail.fr\/en\/wp-json\/wp\/v2\/pages\/52\/revisions"}],"predecessor-version":[{"id":1511,"href":"https:\/\/lerocherportail.fr\/en\/wp-json\/wp\/v2\/pages\/52\/revisions\/1511"}],"wp:attachment":[{"href":"https:\/\/lerocherportail.fr\/en\/wp-json\/wp\/v2\/media?parent=52"}],"curies":[{"name":"wp","href":"https:\/\/api.w.org\/{rel}","templated":true}]}}